{"id":3953,"date":"2022-03-10T11:25:34","date_gmt":"2022-03-10T19:25:34","guid":{"rendered":"https:\/\/www.calgiant.com\/?page_id=3953"},"modified":"2026-02-25T11:58:58","modified_gmt":"2026-02-25T19:58:58","slug":"careers","status":"publish","type":"page","link":"https:\/\/www.calgiant.com\/es\/careers\/","title":{"rendered":"Carreras"},"content":{"rendered":"<h2 style=\"text-align: center;\">Comprometidos con nuestros empleados<\/h2>\n<p style=\"text-align: center;\">En California Giant Berry Farms, las personas son nuestro mayor activo. Nuestro servicio de alta calidad y las bayas premium son el resultado directo de nuestro personal dedicado. Nuestro equipo diverso, que abarca raza, edad, identidad de g\u00e9nero, etnia y clase, nos permite trabajar de manera din\u00e1mica y reflejar de manera aut\u00e9ntica las comunidades a las que servimos y apoyamos.<\/p>\n<p style=\"text-align: center;\">Nuestro compromiso de ser la mejor baya se extiende a brindar lo mejor para los empleados de California Giant. Nos enorgullecemos de nuestro modelo de empleado sostenible, que brinda salarios competitivos, oportunidades de crecimiento laboral y planes excepcionales de incentivos y beneficios para las familias de nuestra comunidad.<\/p>","protected":false},"excerpt":{"rendered":"<p>Committed to our Employees At California Giant Berry Farms, people are our greatest asset. Our high-quality service and premium berries are a direct result of our dedicated staff. Spanning race, age, gender identity, ethnicity, and class, our diverse team empowers us to work dynamically and authentically reflect the communities we serve and support. Our commitment [&hellip;]<\/p>\n","protected":false},"author":1,"featured_media":0,"parent":0,"menu_order":0,"comment_status":"closed","ping_status":"closed","template":"","meta":{"_acf_changed":false,"footnotes":""},"class_list":["post-3953","page","type-page","status-publish","hentry"],"acf":[],"yoast_head":"<!-- This site is optimized with the Yoast SEO plugin v27.4 - https:\/\/yoast.com\/product\/yoast-seo-wordpress\/ -->\n<title>Careers - California Giant Berry Farms<\/title>\n<meta name=\"robots\" content=\"index, follow, max-snippet:-1, max-image-preview:large, max-video-preview:-1\" \/>\n<link rel=\"canonical\" href=\"https:\/\/www.calgiant.com\/es\/careers\/\" \/>\n<meta property=\"og:locale\" content=\"es_MX\" \/>\n<meta property=\"og:type\" content=\"article\" \/>\n<meta property=\"og:title\" content=\"Careers - California Giant Berry Farms\" \/>\n<meta property=\"og:description\" content=\"Committed to our Employees At California Giant Berry Farms, people are our greatest asset. Our high-quality service and premium berries are a direct result of our dedicated staff. Spanning race, age, gender identity, ethnicity, and class, our diverse team empowers us to work dynamically and authentically reflect the communities we serve and support. Our commitment [&hellip;]\" \/>\n<meta property=\"og:url\" content=\"https:\/\/www.calgiant.com\/es\/careers\/\" \/>\n<meta property=\"og:site_name\" content=\"California Giant Berry Farms\" \/>\n<meta property=\"article:publisher\" content=\"https:\/\/www.facebook.com\/calgiantberries\/\" \/>\n<meta property=\"article:modified_time\" content=\"2026-02-25T19:58:58+00:00\" \/>\n<meta name=\"twitter:card\" content=\"summary_large_image\" \/>\n<meta name=\"twitter:site\" content=\"@calgiantberries\" \/>\n<meta name=\"twitter:label1\" content=\"Tiempo de lectura\" \/>\n\t<meta name=\"twitter:data1\" content=\"2 minutos\" \/>\n<!-- \/ Yoast SEO plugin. -->","yoast_head_json":{"title":"Careers - California Giant Berry Farms","robots":{"index":"index","follow":"follow","max-snippet":"max-snippet:-1","max-image-preview":"max-image-preview:large","max-video-preview":"max-video-preview:-1"},"canonical":"https:\/\/www.calgiant.com\/es\/careers\/","og_locale":"es_MX","og_type":"article","og_title":"Careers - California Giant Berry Farms","og_description":"Committed to our Employees At California Giant Berry Farms, people are our greatest asset. Our high-quality service and premium berries are a direct result of our dedicated staff. Spanning race, age, gender identity, ethnicity, and class, our diverse team empowers us to work dynamically and authentically reflect the communities we serve and support. Our commitment [&hellip;]","og_url":"https:\/\/www.calgiant.com\/es\/careers\/","og_site_name":"California Giant Berry Farms","article_publisher":"https:\/\/www.facebook.com\/calgiantberries\/","article_modified_time":"2026-02-25T19:58:58+00:00","twitter_card":"summary_large_image","twitter_site":"@calgiantberries","twitter_misc":{"Tiempo de lectura":"2 minutos"},"schema":{"@context":"https:\/\/schema.org","@graph":[{"@type":"WebPage","@id":"https:\/\/www.calgiant.com\/careers\/","url":"https:\/\/www.calgiant.com\/careers\/","name":"Careers - California Giant Berry Farms","isPartOf":{"@id":"https:\/\/www.calgiant.com\/#website"},"datePublished":"2022-03-10T19:25:34+00:00","dateModified":"2026-02-25T19:58:58+00:00","breadcrumb":{"@id":"https:\/\/www.calgiant.com\/careers\/#breadcrumb"},"inLanguage":"es","potentialAction":[{"@type":"ReadAction","target":["https:\/\/www.calgiant.com\/careers\/"]}]},{"@type":"BreadcrumbList","@id":"https:\/\/www.calgiant.com\/careers\/#breadcrumb","itemListElement":[{"@type":"ListItem","position":1,"name":"Home","item":"https:\/\/www.calgiant.com\/"},{"@type":"ListItem","position":2,"name":"Careers"}]},{"@type":"WebSite","@id":"https:\/\/www.calgiant.com\/#website","url":"https:\/\/www.calgiant.com\/","name":"Granjas de bayas gigantes de California","description":"We&#039;re making a difference one fresh berry at a time. Get inspired with our fresh berry recipes &amp; more!","publisher":{"@id":"https:\/\/www.calgiant.com\/#organization"},"potentialAction":[{"@type":"SearchAction","target":{"@type":"EntryPoint","urlTemplate":"https:\/\/www.calgiant.com\/?s={search_term_string}"},"query-input":{"@type":"PropertyValueSpecification","valueRequired":true,"valueName":"search_term_string"}}],"inLanguage":"es"},{"@type":"Organization","@id":"https:\/\/www.calgiant.com\/#organization","name":"Granjas de bayas gigantes de California","url":"https:\/\/www.calgiant.com\/","logo":{"@type":"ImageObject","inLanguage":"es","@id":"https:\/\/www.calgiant.com\/#\/schema\/logo\/image\/","url":"https:\/\/www.calgiant.com\/wp-content\/uploads\/2021\/02\/cal-giant-logo.svg","contentUrl":"https:\/\/www.calgiant.com\/wp-content\/uploads\/2021\/02\/cal-giant-logo.svg","width":288,"height":109,"caption":"California Giant Berry Farms"},"image":{"@id":"https:\/\/www.calgiant.com\/#\/schema\/logo\/image\/"},"sameAs":["https:\/\/www.facebook.com\/calgiantberries\/","https:\/\/x.com\/calgiantberries","https:\/\/www.instagram.com\/calgiantberries\/","https:\/\/www.linkedin.com\/company\/californiagiantberryfarms\/","https:\/\/pinterest.com\/californiagiant\/","https:\/\/www.youtube.com\/CalGiantBerryFarms"]}]}},"_links":{"self":[{"href":"https:\/\/www.calgiant.com\/es\/wp-json\/wp\/v2\/pages\/3953","targetHints":{"allow":["GET"]}}],"collection":[{"href":"https:\/\/www.calgiant.com\/es\/wp-json\/wp\/v2\/pages"}],"about":[{"href":"https:\/\/www.calgiant.com\/es\/wp-json\/wp\/v2\/types\/page"}],"author":[{"embeddable":true,"href":"https:\/\/www.calgiant.com\/es\/wp-json\/wp\/v2\/users\/1"}],"replies":[{"embeddable":true,"href":"https:\/\/www.calgiant.com\/es\/wp-json\/wp\/v2\/comments?post=3953"}],"version-history":[{"count":0,"href":"https:\/\/www.calgiant.com\/es\/wp-json\/wp\/v2\/pages\/3953\/revisions"}],"wp:attachment":[{"href":"https:\/\/www.calgiant.com\/es\/wp-json\/wp\/v2\/media?parent=3953"}],"curies":[{"name":"wp","href":"https:\/\/api.w.org\/{rel}","templated":true}]}}